{"id":372,"date":"2024-04-01T22:09:49","date_gmt":"2024-04-01T20:09:49","guid":{"rendered":"https:\/\/salestrategy.consulting\/?page_id=372"},"modified":"2024-12-16T14:54:26","modified_gmt":"2024-12-16T13:54:26","slug":"mi-historia","status":"publish","type":"page","link":"https:\/\/salestrategy.consulting\/index.php\/mi-historia\/","title":{"rendered":"MI HISTORIA"},"content":{"rendered":"[vc_row][vc_column][vc_empty_space][vc_custom_heading text=&#8221;MI HISTORIA: DE LAS VENTAS AL CORAZ\u00d3N DEL SUE\u00d1O AMERICANO&#8221; font_container=&#8221;tag:h1|font_size:35|text_align:center|color:%23f2c300&#8243; google_fonts=&#8221;font_family:Montserrat%3Aregular%2C700|font_style:700%20bold%20regular%3A700%3Anormal&#8221; css_animation=&#8221;slideInLeft&#8221;][\/vc_column][\/vc_row][vc_row full_width=&#8221;stretch_row_content_no_spaces&#8221; full_height=&#8221;yes&#8221; bg_type=&#8221;image&#8221; css=&#8221;.vc_custom_1712002173678{background-position: center !important;background-repeat: no-repeat !important;background-size: contain !important;}&#8221; el_id=&#8221;about&#8221;][vc_column][vc_row_inner][vc_column_inner width=&#8221;1\/2&#8243;][vc_column_text]<img loading=\"lazy\" decoding=\"async\" class=\"alignnone wp-image-105 size-full\" src=\"http:\/\/salestrategy.consulting\/wp-content\/uploads\/2024\/02\/Nieves02.webp\" alt=\"\" width=\"1485\" height=\"1061\" srcset=\"https:\/\/salestrategy.consulting\/wp-content\/uploads\/2024\/02\/Nieves02.webp 1485w, https:\/\/salestrategy.consulting\/wp-content\/uploads\/2024\/02\/Nieves02-300x214.webp 300w, https:\/\/salestrategy.consulting\/wp-content\/uploads\/2024\/02\/Nieves02-1024x732.webp 1024w, https:\/\/salestrategy.consulting\/wp-content\/uploads\/2024\/02\/Nieves02-768x549.webp 768w\" sizes=\"auto, (max-width: 1485px) 100vw, 1485px\" \/>[\/vc_column_text][\/vc_column_inner][vc_column_inner width=&#8221;1\/2&#8243; css=&#8221;.vc_custom_1709143980033{padding-right: 30px !important;padding-left: 30px !important;background-color: rgba(255,255,255,0.19) !important;*background-color: rgb(255,255,255) !important;}&#8221;][vc_custom_heading text=&#8221;Soy Nieves Mar\u00edn&#8221; font_container=&#8221;tag:h2|font_size:30|text_align:left|color:%23f2c300&#8243; google_fonts=&#8221;font_family:Montserrat%3Aregular%2C700|font_style:700%20bold%20regular%3A700%3Anormal&#8221;][vc_column_text]Mi vida laboral siempre ha girado en torno a las ventas. Durante 20 a\u00f1os, he vivido y respirado el arte de conectar con las personas y ayudarlas a encontrar lo que realmente necesitan. \u00bfMis escenarios? Tan variados como la vida misma: desde vender turismos, vestidos de novia hasta camiones.<\/p>\n<p>Fue en el sector de veh\u00edculos industriales donde encontr\u00e9 mi mayor inspiraci\u00f3n y crecimiento. Trabajando con empresas l\u00edderes a nivel nacional y europeo, consegu\u00ed m\u00e1s de lo que alguna vez imagin\u00e9: premios, reconocimiento y una marca personal que hablaba de constancia, pasi\u00f3n y resultados. \u00bfMi logro m\u00e1s especial? Convertirme en la <strong>primera mujer en Espa\u00f1a<\/strong>\u00a0en alcanzar, durante cuatro a\u00f1os consecutivos, premios por objetivos cumplidos en ventas.<\/p>\n<p>Pero mi camino no se qued\u00f3 solo en los n\u00fameros. Decid\u00ed dar un paso m\u00e1s all\u00e1 y colaborar con la C\u00e1mara de Comercio de Valladolid, compartiendo mi experiencia e impartiendo formaci\u00f3n en ventas. Inspirar a otros se convirti\u00f3 en un nuevo motor en mi vida profesional.<\/p>\n<p>Y luego, surgi\u00f3 uno de mis proyectos m\u00e1s queridos: <strong>mi propia empresa de viajes adaptados para personas con movilidad reducida<\/strong>. Cada cliente y cada viaje eran una oportunidad de romper barreras y demostrar que no hay l\u00edmites cuando se trata de so\u00f1ar.<\/p>\n<p>Sin embargo, la vida me present\u00f3 un nuevo destino: Estados Unidos. Decid\u00ed cerrar mi empresa y cruzar el Atl\u00e1ntico, movida por una de las razones m\u00e1s poderosas que existen: el amor. Hoy, desde este lado del mundo, sigo escribiendo mi historia con la misma pasi\u00f3n que me ha acompa\u00f1ado siempre, convencida de que cada etapa trae consigo nuevos comienzos y retos maravillosos.<\/p>\n<p><em><img decoding=\"async\" class=\"an1 CToWUd\" draggable=\"false\" src=\"https:\/\/fonts.gstatic.com\/s\/e\/notoemoji\/15.1\/2728\/32.png\" alt=\"\u2728\" data-emoji=\"\u2728\" aria-label=\"\u2728\" data-bit=\"iit\" \/> <i><\/i>Porque en cada venta, en cada proyecto y en cada decisi\u00f3n, siempre hay algo m\u00e1s grande detr\u00e1s: una historia que vale la pena contar.<\/em><\/p>\n<p>\u00bfListo para escribir la tuya? <img decoding=\"async\" class=\"an1 CToWUd\" draggable=\"false\" src=\"https:\/\/fonts.gstatic.com\/s\/e\/notoemoji\/15.1\/1f680\/32.png\" alt=\"\ud83d\ude80\" data-emoji=\"\ud83d\ude80\" aria-label=\"\ud83d\ude80\" data-bit=\"iit\" \/>[\/vc_column_text][\/vc_column_inner][\/vc_row_inner][\/vc_column][\/vc_row][vc_row][vc_column][vc_btn title=&#8221;CONTACTO&#8221; color=&#8221;peacoc&#8221; size=&#8221;lg&#8221; align=&#8221;center&#8221; button_block=&#8221;true&#8221; link=&#8221;url:https%3A%2F%2Fsalestrategy.consulting%2Findex.php%2Fcontacto%2F|title:CONTACTO&#8221;][vc_btn title=&#8221;VOLVER AL INICIO&#8221; color=&#8221;warning&#8221; size=&#8221;lg&#8221; align=&#8221;center&#8221; button_block=&#8221;true&#8221; link=&#8221;url:https%3A%2F%2Fsalestrategy.consulting%2F|title:CONTACTO&#8221;][\/vc_column][\/vc_row]\n","protected":false},"excerpt":{"rendered":"[vc_row][vc_column][vc_empty_space][vc_custom_heading text=&#8221;MI HISTORIA: DE LAS VENTAS AL CORAZ\u00d3N DEL SUE\u00d1O AMERICANO&#8221; font_container=&#8221;tag:h1|font_size:35|text_align:center|color:%23f2c300&#8243; google_fonts=&#8221;font_family:Montserrat%3Aregular%2C700|font_style:700%20bold%20regular%3A700%3Anormal&#8221; css_animation=&#8221;slideInLeft&#8221;][\/vc_column][\/vc_row][vc_row full_width=&#8221;stretch_row_content_no_spaces&#8221; full_height=&#8221;yes&#8221; bg_type=&#8221;image&#8221; css=&#8221;.vc_custom_1712002173678{background-position: center !important;background-repeat: no-repeat !important;background-size: contain !important;}&#8221; el_id=&#8221;about&#8221;][vc_column][vc_row_inner][vc_column_inner width=&#8221;1\/2&#8243;][vc_column_text][\/vc_column_text][\/vc_column_inner][vc_column_inner width=&#8221;1\/2&#8243; css=&#8221;.vc_custom_1709143980033{padding-right: 30px !important;padding-left: 30px !important;background-color: rgba(255,255,255,0.19) !important;*background-color: rgb(255,255,255) !important;}&#8221;][vc_custom_heading text=&#8221;Soy Nieves Mar\u00edn&#8221; font_container=&#8221;tag:h2|font_size:30|text_align:left|color:%23f2c300&#8243; google_fonts=&#8221;font_family:Montserrat%3Aregular%2C700|font_style:700%20bold%20regular%3A700%3Anormal&#8221;][vc_column_text]Mi vida laboral siempre ha girado en torno a las ventas. Durante 20 a\u00f1os, he<\/p>\n","protected":false},"author":1,"featured_media":0,"parent":0,"menu_order":0,"comment_status":"closed","ping_status":"closed","template":"","meta":{"footnotes":""},"class_list":["post-372","page","type-page","status-publish","hentry"],"yoast_head":"<!-- This site is optimized with the Yoast SEO plugin v27.4 - https:\/\/yoast.com\/product\/yoast-seo-wordpress\/ -->\n<title>MI HISTORIA - Sale Strategy<\/title>\n<meta name=\"robots\" content=\"index, follow, max-snippet:-1, max-image-preview:large, max-video-preview:-1\" \/>\n<link rel=\"canonical\" href=\"https:\/\/salestrategy.consulting\/index.php\/mi-historia\/\" \/>\n<meta property=\"og:locale\" content=\"en_US\" \/>\n<meta property=\"og:type\" content=\"article\" \/>\n<meta property=\"og:title\" content=\"MI HISTORIA - Sale Strategy\" \/>\n<meta property=\"og:description\" content=\"[vc_row][vc_column][vc_empty_space][vc_custom_heading text=&#8221;MI HISTORIA: DE LAS VENTAS AL CORAZ\u00d3N DEL SUE\u00d1O AMERICANO&#8221; font_container=&#8221;tag:h1|font_size:35|text_align:center|color:%23f2c300&#8243; google_fonts=&#8221;font_family:Montserrat%3Aregular%2C700|font_style:700%20bold%20regular%3A700%3Anormal&#8221; css_animation=&#8221;slideInLeft&#8221;][\/vc_column][\/vc_row][vc_row full_width=&#8221;stretch_row_content_no_spaces&#8221; full_height=&#8221;yes&#8221; bg_type=&#8221;image&#8221; css=&#8221;.vc_custom_1712002173678{background-position: center !important;background-repeat: no-repeat !important;background-size: contain !important;}&#8221; el_id=&#8221;about&#8221;][vc_column][vc_row_inner][vc_column_inner width=&#8221;1\/2&#8243;][vc_column_text][\/vc_column_text][\/vc_column_inner][vc_column_inner width=&#8221;1\/2&#8243; css=&#8221;.vc_custom_1709143980033{padding-right: 30px !important;padding-left: 30px !important;background-color: rgba(255,255,255,0.19) !important;*background-color: rgb(255,255,255) !important;}&#8221;][vc_custom_heading text=&#8221;Soy Nieves Mar\u00edn&#8221; font_container=&#8221;tag:h2|font_size:30|text_align:left|color:%23f2c300&#8243; google_fonts=&#8221;font_family:Montserrat%3Aregular%2C700|font_style:700%20bold%20regular%3A700%3Anormal&#8221;][vc_column_text]Mi vida laboral siempre ha girado en torno a las ventas. Durante 20 a\u00f1os, he\" \/>\n<meta property=\"og:url\" content=\"https:\/\/salestrategy.consulting\/index.php\/mi-historia\/\" \/>\n<meta property=\"og:site_name\" content=\"Sale Strategy\" \/>\n<meta property=\"article:publisher\" content=\"https:\/\/facebook.com\/salestrategy.inspirando\" \/>\n<meta property=\"article:modified_time\" content=\"2024-12-16T13:54:26+00:00\" \/>\n<meta property=\"og:image\" content=\"https:\/\/salestrategy.consulting\/wp-content\/uploads\/2024\/02\/Nieves02.webp\" \/>\n\t<meta property=\"og:image:width\" content=\"1485\" \/>\n\t<meta property=\"og:image:height\" content=\"1061\" \/>\n\t<meta property=\"og:image:type\" content=\"image\/webp\" \/>\n<meta name=\"twitter:card\" content=\"summary_large_image\" \/>\n<meta name=\"twitter:label1\" content=\"Est. reading time\" \/>\n\t<meta name=\"twitter:data1\" content=\"3 minutes\" \/>\n<script type=\"application\/ld+json\" class=\"yoast-schema-graph\">{\"@context\":\"https:\\\/\\\/schema.org\",\"@graph\":[{\"@type\":\"WebPage\",\"@id\":\"https:\\\/\\\/salestrategy.consulting\\\/index.php\\\/mi-historia\\\/\",\"url\":\"https:\\\/\\\/salestrategy.consulting\\\/index.php\\\/mi-historia\\\/\",\"name\":\"MI HISTORIA - Sale Strategy\",\"isPartOf\":{\"@id\":\"https:\\\/\\\/salestrategy.consulting\\\/#website\"},\"primaryImageOfPage\":{\"@id\":\"https:\\\/\\\/salestrategy.consulting\\\/index.php\\\/mi-historia\\\/#primaryimage\"},\"image\":{\"@id\":\"https:\\\/\\\/salestrategy.consulting\\\/index.php\\\/mi-historia\\\/#primaryimage\"},\"thumbnailUrl\":\"http:\\\/\\\/salestrategy.consulting\\\/wp-content\\\/uploads\\\/2024\\\/02\\\/Nieves02.webp\",\"datePublished\":\"2024-04-01T20:09:49+00:00\",\"dateModified\":\"2024-12-16T13:54:26+00:00\",\"breadcrumb\":{\"@id\":\"https:\\\/\\\/salestrategy.consulting\\\/index.php\\\/mi-historia\\\/#breadcrumb\"},\"inLanguage\":\"en-US\",\"potentialAction\":[{\"@type\":\"ReadAction\",\"target\":[\"https:\\\/\\\/salestrategy.consulting\\\/index.php\\\/mi-historia\\\/\"]}]},{\"@type\":\"ImageObject\",\"inLanguage\":\"en-US\",\"@id\":\"https:\\\/\\\/salestrategy.consulting\\\/index.php\\\/mi-historia\\\/#primaryimage\",\"url\":\"https:\\\/\\\/salestrategy.consulting\\\/wp-content\\\/uploads\\\/2024\\\/02\\\/Nieves02.webp\",\"contentUrl\":\"https:\\\/\\\/salestrategy.consulting\\\/wp-content\\\/uploads\\\/2024\\\/02\\\/Nieves02.webp\",\"width\":1485,\"height\":1061,\"caption\":\"Nieves Mar\u00edn - Fundadora de Sale Strategy\"},{\"@type\":\"BreadcrumbList\",\"@id\":\"https:\\\/\\\/salestrategy.consulting\\\/index.php\\\/mi-historia\\\/#breadcrumb\",\"itemListElement\":[{\"@type\":\"ListItem\",\"position\":1,\"name\":\"Portada\",\"item\":\"https:\\\/\\\/salestrategy.consulting\\\/\"},{\"@type\":\"ListItem\",\"position\":2,\"name\":\"MI HISTORIA\"}]},{\"@type\":\"WebSite\",\"@id\":\"https:\\\/\\\/salestrategy.consulting\\\/#website\",\"url\":\"https:\\\/\\\/salestrategy.consulting\\\/\",\"name\":\"sale strategy\",\"description\":\"Inspirando en espa\u00f1ol\",\"publisher\":{\"@id\":\"https:\\\/\\\/salestrategy.consulting\\\/#organization\"},\"potentialAction\":[{\"@type\":\"SearchAction\",\"target\":{\"@type\":\"EntryPoint\",\"urlTemplate\":\"https:\\\/\\\/salestrategy.consulting\\\/?s={search_term_string}\"},\"query-input\":{\"@type\":\"PropertyValueSpecification\",\"valueRequired\":true,\"valueName\":\"search_term_string\"}}],\"inLanguage\":\"en-US\"},{\"@type\":\"Organization\",\"@id\":\"https:\\\/\\\/salestrategy.consulting\\\/#organization\",\"name\":\"sale strategy\",\"url\":\"https:\\\/\\\/salestrategy.consulting\\\/\",\"logo\":{\"@type\":\"ImageObject\",\"inLanguage\":\"en-US\",\"@id\":\"https:\\\/\\\/salestrategy.consulting\\\/#\\\/schema\\\/logo\\\/image\\\/\",\"url\":\"https:\\\/\\\/salestrategy.consulting\\\/wp-content\\\/uploads\\\/2023\\\/12\\\/customcolor_logo_customcolor_background.png\",\"contentUrl\":\"https:\\\/\\\/salestrategy.consulting\\\/wp-content\\\/uploads\\\/2023\\\/12\\\/customcolor_logo_customcolor_background.png\",\"width\":1000,\"height\":1000,\"caption\":\"sale strategy\"},\"image\":{\"@id\":\"https:\\\/\\\/salestrategy.consulting\\\/#\\\/schema\\\/logo\\\/image\\\/\"},\"sameAs\":[\"https:\\\/\\\/facebook.com\\\/salestrategy.inspirando\",\"https:\\\/\\\/www.linkedin.com\\\/company\\\/salestrategyconsulting\\\/\"]}]}<\/script>\n<!-- \/ Yoast SEO plugin. -->","yoast_head_json":{"title":"MI HISTORIA - Sale Strategy","robots":{"index":"index","follow":"follow","max-snippet":"max-snippet:-1","max-image-preview":"max-image-preview:large","max-video-preview":"max-video-preview:-1"},"canonical":"https:\/\/salestrategy.consulting\/index.php\/mi-historia\/","og_locale":"en_US","og_type":"article","og_title":"MI HISTORIA - Sale Strategy","og_description":"[vc_row][vc_column][vc_empty_space][vc_custom_heading text=&#8221;MI HISTORIA: DE LAS VENTAS AL CORAZ\u00d3N DEL SUE\u00d1O AMERICANO&#8221; font_container=&#8221;tag:h1|font_size:35|text_align:center|color:%23f2c300&#8243; google_fonts=&#8221;font_family:Montserrat%3Aregular%2C700|font_style:700%20bold%20regular%3A700%3Anormal&#8221; css_animation=&#8221;slideInLeft&#8221;][\/vc_column][\/vc_row][vc_row full_width=&#8221;stretch_row_content_no_spaces&#8221; full_height=&#8221;yes&#8221; bg_type=&#8221;image&#8221; css=&#8221;.vc_custom_1712002173678{background-position: center !important;background-repeat: no-repeat !important;background-size: contain !important;}&#8221; el_id=&#8221;about&#8221;][vc_column][vc_row_inner][vc_column_inner width=&#8221;1\/2&#8243;][vc_column_text][\/vc_column_text][\/vc_column_inner][vc_column_inner width=&#8221;1\/2&#8243; css=&#8221;.vc_custom_1709143980033{padding-right: 30px !important;padding-left: 30px !important;background-color: rgba(255,255,255,0.19) !important;*background-color: rgb(255,255,255) !important;}&#8221;][vc_custom_heading text=&#8221;Soy Nieves Mar\u00edn&#8221; font_container=&#8221;tag:h2|font_size:30|text_align:left|color:%23f2c300&#8243; google_fonts=&#8221;font_family:Montserrat%3Aregular%2C700|font_style:700%20bold%20regular%3A700%3Anormal&#8221;][vc_column_text]Mi vida laboral siempre ha girado en torno a las ventas. Durante 20 a\u00f1os, he","og_url":"https:\/\/salestrategy.consulting\/index.php\/mi-historia\/","og_site_name":"Sale Strategy","article_publisher":"https:\/\/facebook.com\/salestrategy.inspirando","article_modified_time":"2024-12-16T13:54:26+00:00","og_image":[{"width":1485,"height":1061,"url":"https:\/\/salestrategy.consulting\/wp-content\/uploads\/2024\/02\/Nieves02.webp","type":"image\/webp"}],"twitter_card":"summary_large_image","twitter_misc":{"Est. reading time":"3 minutes"},"schema":{"@context":"https:\/\/schema.org","@graph":[{"@type":"WebPage","@id":"https:\/\/salestrategy.consulting\/index.php\/mi-historia\/","url":"https:\/\/salestrategy.consulting\/index.php\/mi-historia\/","name":"MI HISTORIA - Sale Strategy","isPartOf":{"@id":"https:\/\/salestrategy.consulting\/#website"},"primaryImageOfPage":{"@id":"https:\/\/salestrategy.consulting\/index.php\/mi-historia\/#primaryimage"},"image":{"@id":"https:\/\/salestrategy.consulting\/index.php\/mi-historia\/#primaryimage"},"thumbnailUrl":"http:\/\/salestrategy.consulting\/wp-content\/uploads\/2024\/02\/Nieves02.webp","datePublished":"2024-04-01T20:09:49+00:00","dateModified":"2024-12-16T13:54:26+00:00","breadcrumb":{"@id":"https:\/\/salestrategy.consulting\/index.php\/mi-historia\/#breadcrumb"},"inLanguage":"en-US","potentialAction":[{"@type":"ReadAction","target":["https:\/\/salestrategy.consulting\/index.php\/mi-historia\/"]}]},{"@type":"ImageObject","inLanguage":"en-US","@id":"https:\/\/salestrategy.consulting\/index.php\/mi-historia\/#primaryimage","url":"https:\/\/salestrategy.consulting\/wp-content\/uploads\/2024\/02\/Nieves02.webp","contentUrl":"https:\/\/salestrategy.consulting\/wp-content\/uploads\/2024\/02\/Nieves02.webp","width":1485,"height":1061,"caption":"Nieves Mar\u00edn - Fundadora de Sale Strategy"},{"@type":"BreadcrumbList","@id":"https:\/\/salestrategy.consulting\/index.php\/mi-historia\/#breadcrumb","itemListElement":[{"@type":"ListItem","position":1,"name":"Portada","item":"https:\/\/salestrategy.consulting\/"},{"@type":"ListItem","position":2,"name":"MI HISTORIA"}]},{"@type":"WebSite","@id":"https:\/\/salestrategy.consulting\/#website","url":"https:\/\/salestrategy.consulting\/","name":"sale strategy","description":"Inspirando en espa\u00f1ol","publisher":{"@id":"https:\/\/salestrategy.consulting\/#organization"},"potentialAction":[{"@type":"SearchAction","target":{"@type":"EntryPoint","urlTemplate":"https:\/\/salestrategy.consulting\/?s={search_term_string}"},"query-input":{"@type":"PropertyValueSpecification","valueRequired":true,"valueName":"search_term_string"}}],"inLanguage":"en-US"},{"@type":"Organization","@id":"https:\/\/salestrategy.consulting\/#organization","name":"sale strategy","url":"https:\/\/salestrategy.consulting\/","logo":{"@type":"ImageObject","inLanguage":"en-US","@id":"https:\/\/salestrategy.consulting\/#\/schema\/logo\/image\/","url":"https:\/\/salestrategy.consulting\/wp-content\/uploads\/2023\/12\/customcolor_logo_customcolor_background.png","contentUrl":"https:\/\/salestrategy.consulting\/wp-content\/uploads\/2023\/12\/customcolor_logo_customcolor_background.png","width":1000,"height":1000,"caption":"sale strategy"},"image":{"@id":"https:\/\/salestrategy.consulting\/#\/schema\/logo\/image\/"},"sameAs":["https:\/\/facebook.com\/salestrategy.inspirando","https:\/\/www.linkedin.com\/company\/salestrategyconsulting\/"]}]}},"_links":{"self":[{"href":"https:\/\/salestrategy.consulting\/index.php\/wp-json\/wp\/v2\/pages\/372","targetHints":{"allow":["GET"]}}],"collection":[{"href":"https:\/\/salestrategy.consulting\/index.php\/wp-json\/wp\/v2\/pages"}],"about":[{"href":"https:\/\/salestrategy.consulting\/index.php\/wp-json\/wp\/v2\/types\/page"}],"author":[{"embeddable":true,"href":"https:\/\/salestrategy.consulting\/index.php\/wp-json\/wp\/v2\/users\/1"}],"replies":[{"embeddable":true,"href":"https:\/\/salestrategy.consulting\/index.php\/wp-json\/wp\/v2\/comments?post=372"}],"version-history":[{"count":9,"href":"https:\/\/salestrategy.consulting\/index.php\/wp-json\/wp\/v2\/pages\/372\/revisions"}],"predecessor-version":[{"id":528,"href":"https:\/\/salestrategy.consulting\/index.php\/wp-json\/wp\/v2\/pages\/372\/revisions\/528"}],"wp:attachment":[{"href":"https:\/\/salestrategy.consulting\/index.php\/wp-json\/wp\/v2\/media?parent=372"}],"curies":[{"name":"wp","href":"https:\/\/api.w.org\/{rel}","templated":true}]}}